{"id":18032,"date":"2022-11-23T20:14:40","date_gmt":"2022-11-23T19:14:40","guid":{"rendered":"https:\/\/www.surfacex.com\/commercial\/plancher-dabbatoirs\/"},"modified":"2023-02-01T19:41:23","modified_gmt":"2023-02-01T18:41:23","slug":"meat-processing-and-abattoir-flooring","status":"publish","type":"page","link":"https:\/\/www.surfacex.com\/en\/commercial\/meat-processing-and-abattoir-flooring\/","title":{"rendered":"Meat Processing &#038; Abattoir Flooring"},"content":{"rendered":"<section class=\"wpb-content-wrapper\"><p>[vc_row full_screen_section_height=&#8221;no&#8221;][vc_column][vc_column_text]Do you want your abattoir or meat processing plant\u2019s floor to meet the highest hygienic and safety standards in the food industry?<\/p>\n<p>A well-selected concrete floor coating for meat processing plants and abattoirs will help maintain a high level of cleanliness that meets the various standards in the event of an inspection. The right concrete coating will prevent the proliferation of bacteria and contribute to the health safety of your establishment.[\/vc_column_text][\/vc_column][\/vc_row][vc_row full_screen_section_height=&#8221;no&#8221;][vc_column][vc_column_text]<\/p>\n<h2>Our Recommendations<\/h2>\n<p>We understand the various challenges of the food industry. We recommend urethane concrete for the coating of your abattoir or meat processing floor. This coating is ideal because of its:<\/p>\n<p>Durability<br \/>\nEasy maintenance and installation<br \/>\nResistance to thermal and physical shock<br \/>\nResistance to chemicals and bodily fluids<br \/>\nSealant properties<br \/>\nNon-slip and safety properties<\/p>\n<p>A urethane concrete floor surface is smooth, hard and seamless. Dirt cannot penetrate, which makes it easier to maintain. In addition to being easy to clean, this type of coating is waterproof.<br \/>\n[\/vc_column_text][\/vc_column][\/vc_row][vc_row full_screen_section_height=&#8221;no&#8221;][vc_column][vc_column_text]<\/p>\n<h2>Possible Applications<\/h2>\n<p>Urethane concrete industrial flooring is a good long-term solution for abattoirs and meat processing plants, especially for areas such as:<\/p>\n<ul>\n<li>General work areas (slaughter, packing and cooling)<\/li>\n<li>Processing areas<\/li>\n<li>Storage rooms (cold rooms, freezers, etc.)<\/li>\n<\/ul>\n<p>[\/vc_column_text][\/vc_column][\/vc_row][vc_row full_screen_section_height=&#8221;no&#8221;][vc_column][vc_column_text]<\/p>\n<h2>Surfacex Expertise<\/h2>\n<p>At Surfacex, we help you choose the best flooring option for your meat processing plant or abattoir. For each renovation project, we find the flooring type that best meets your needs and respects your budget. We can confidently advise you on the best quality concrete flooring options on the market.<\/p>\n<p>Once completed, you will have a floor that is durable, resistant and easy to clean. By using a floor coating that prevents the proliferation of bacteria, you will meet the minist\u00e8re de l&#8217;Agriculture, des P\u00eacheries et de l&#8217;Alimentation du Qu\u00e9bec (MAPAQ) as well as the restaurant industry\u2019s many health requirements. You will also be providing a safe environment for your employees.<\/p>\n<div class=\"container_btn_contact\">\n        <a class=\"bouton_soumission_cta bleu\" href=\"https:\/\/www.surfacex.com\/en\/contact-us\/\">\n            <span class=\"button_text\">Contact Us<\/span><span class=\"button_arrow\"><i class=\"fa fa-chevron-right\"><\/i><\/span>\n            <div style=\"clear: both;\"><\/div>\n        <\/a>\n    <\/div>\n\n    [\/vc_column_text][\/vc_column][\/vc_row][vc_row full_screen_section_height=&#8221;no&#8221;][vc_column][vc_column_text]\n    <a href=\"https:\/\/www.surfacex.com\/en\/color-selection\/\" class=\"btn_popup_couleur\">\n        <div class=\"left_btn_couleur\">\n            <div class=\"txt_btn_couleur\">\n                                    Selection of <span>39 unique colors<\/span> for your concrete floor coverings\n                            <\/div>\n            <div class=\"block_couleur\">\n                                    <span class=\"button_text\">Choose your color<\/span>\n                                <span class=\"button_arrow\"><i class=\"fa fa-chevron-right\"><\/i><\/span>\n                <div style=\"clear: both;\"><\/div>\n            <\/div>\n        <\/div>\n        <div class=\"right_btn_couleur\">\n            <img decoding=\"async\" src=\"https:\/\/www.surfacex.com\/wp-content\/themes\/aton\/..\/aton-child\/images\/img_couleurs_demo_2019.png\" alt=\"Exemples de choix de couleurs\" \/>\n        <\/div>\n        <div style=\"clear: both;\"><\/div>\n    <\/a>\n\n    \n\n\n\t[\/vc_column_text][\/vc_column][\/vc_row]<\/p>\n<\/section>","protected":false},"excerpt":{"rendered":"<p>[vc_row full_screen_section_height=&#8221;no&#8221;][vc_column][vc_column_text]Do you want your abattoir or meat processing plant\u2019s floor to meet the highest&#8230;<\/p>\n","protected":false},"author":1,"featured_media":0,"parent":17565,"menu_order":8,"comment_status":"closed","ping_status":"closed","template":"","meta":{"_acf_changed":false,"footnotes":""},"types_page":[216,217],"class_list":["post-18032","page","type-page","status-publish","hentry","types_page-expertises","types_page-services"],"acf":[],"yoast_head":"<!-- This site is optimized with the Yoast SEO plugin v27.4 - https:\/\/yoast.com\/product\/yoast-seo-wordpress\/ -->\n<title>Meat Processing &amp; Abattoir Flooring - Surfacex<\/title>\n<meta name=\"robots\" content=\"index, follow, max-snippet:-1, max-image-preview:large, max-video-preview:-1\" \/>\n<link rel=\"canonical\" href=\"https:\/\/www.surfacex.com\/en\/commercial\/meat-processing-and-abattoir-flooring\/\" \/>\n<meta property=\"og:locale\" content=\"en_US\" \/>\n<meta property=\"og:type\" content=\"article\" \/>\n<meta property=\"og:title\" content=\"Meat Processing &amp; Abattoir Flooring - Surfacex\" \/>\n<meta property=\"og:description\" content=\"[vc_row full_screen_section_height=&#8221;no&#8221;][vc_column][vc_column_text]Do you want your abattoir or meat processing plant\u2019s floor to meet the highest...\" \/>\n<meta property=\"og:url\" content=\"https:\/\/www.surfacex.com\/en\/commercial\/meat-processing-and-abattoir-flooring\/\" \/>\n<meta property=\"og:site_name\" content=\"Surfacex\" \/>\n<meta property=\"article:modified_time\" content=\"2023-02-01T18:41:23+00:00\" \/>\n<meta name=\"twitter:card\" content=\"summary_large_image\" \/>\n<meta name=\"twitter:label1\" content=\"Est. reading time\" \/>\n\t<meta name=\"twitter:data1\" content=\"2 minutes\" \/>\n<script type=\"application\/ld+json\" class=\"yoast-schema-graph\">{\"@context\":\"https:\\\/\\\/schema.org\",\"@graph\":[{\"@type\":\"WebPage\",\"@id\":\"https:\\\/\\\/www.surfacex.com\\\/en\\\/commercial\\\/meat-processing-and-abattoir-flooring\\\/\",\"url\":\"https:\\\/\\\/www.surfacex.com\\\/en\\\/commercial\\\/meat-processing-and-abattoir-flooring\\\/\",\"name\":\"Meat Processing & Abattoir Flooring - Surfacex\",\"isPartOf\":{\"@id\":\"https:\\\/\\\/www.surfacex.com\\\/#website\"},\"datePublished\":\"2022-11-23T19:14:40+00:00\",\"dateModified\":\"2023-02-01T18:41:23+00:00\",\"breadcrumb\":{\"@id\":\"https:\\\/\\\/www.surfacex.com\\\/en\\\/commercial\\\/meat-processing-and-abattoir-flooring\\\/#breadcrumb\"},\"inLanguage\":\"en-US\",\"potentialAction\":[{\"@type\":\"ReadAction\",\"target\":[\"https:\\\/\\\/www.surfacex.com\\\/en\\\/commercial\\\/meat-processing-and-abattoir-flooring\\\/\"]}]},{\"@type\":\"BreadcrumbList\",\"@id\":\"https:\\\/\\\/www.surfacex.com\\\/en\\\/commercial\\\/meat-processing-and-abattoir-flooring\\\/#breadcrumb\",\"itemListElement\":[{\"@type\":\"ListItem\",\"position\":1,\"name\":\"Accueil\",\"item\":\"https:\\\/\\\/www.surfacex.com\\\/en\\\/\"},{\"@type\":\"ListItem\",\"position\":2,\"name\":\"Commercial\",\"item\":\"https:\\\/\\\/www.surfacex.com\\\/en\\\/commercial\\\/\"},{\"@type\":\"ListItem\",\"position\":3,\"name\":\"Meat Processing &#038; Abattoir Flooring\"}]},{\"@type\":\"WebSite\",\"@id\":\"https:\\\/\\\/www.surfacex.com\\\/#website\",\"url\":\"https:\\\/\\\/www.surfacex.com\\\/\",\"name\":\"Surfacex\",\"description\":\"Rev\u00eatement pour b\u00e9ton\",\"publisher\":{\"@id\":\"https:\\\/\\\/www.surfacex.com\\\/#organization\"},\"potentialAction\":[{\"@type\":\"SearchAction\",\"target\":{\"@type\":\"EntryPoint\",\"urlTemplate\":\"https:\\\/\\\/www.surfacex.com\\\/?s={search_term_string}\"},\"query-input\":{\"@type\":\"PropertyValueSpecification\",\"valueRequired\":true,\"valueName\":\"search_term_string\"}}],\"inLanguage\":\"en-US\"},{\"@type\":\"Organization\",\"@id\":\"https:\\\/\\\/www.surfacex.com\\\/#organization\",\"name\":\"Surfacex\",\"url\":\"https:\\\/\\\/www.surfacex.com\\\/\",\"logo\":{\"@type\":\"ImageObject\",\"inLanguage\":\"en-US\",\"@id\":\"https:\\\/\\\/www.surfacex.com\\\/#\\\/schema\\\/logo\\\/image\\\/\",\"url\":\"https:\\\/\\\/www.surfacex.com\\\/wp-content\\\/uploads\\\/2017\\\/05\\\/logo_footer_surfacex.png\",\"contentUrl\":\"https:\\\/\\\/www.surfacex.com\\\/wp-content\\\/uploads\\\/2017\\\/05\\\/logo_footer_surfacex.png\",\"width\":178,\"height\":141,\"caption\":\"Surfacex\"},\"image\":{\"@id\":\"https:\\\/\\\/www.surfacex.com\\\/#\\\/schema\\\/logo\\\/image\\\/\"}}]}<\/script>\n<!-- \/ Yoast SEO plugin. -->","yoast_head_json":{"title":"Meat Processing & Abattoir Flooring - Surfacex","robots":{"index":"index","follow":"follow","max-snippet":"max-snippet:-1","max-image-preview":"max-image-preview:large","max-video-preview":"max-video-preview:-1"},"canonical":"https:\/\/www.surfacex.com\/en\/commercial\/meat-processing-and-abattoir-flooring\/","og_locale":"en_US","og_type":"article","og_title":"Meat Processing & Abattoir Flooring - Surfacex","og_description":"[vc_row full_screen_section_height=&#8221;no&#8221;][vc_column][vc_column_text]Do you want your abattoir or meat processing plant\u2019s floor to meet the highest...","og_url":"https:\/\/www.surfacex.com\/en\/commercial\/meat-processing-and-abattoir-flooring\/","og_site_name":"Surfacex","article_modified_time":"2023-02-01T18:41:23+00:00","twitter_card":"summary_large_image","twitter_misc":{"Est. reading time":"2 minutes"},"schema":{"@context":"https:\/\/schema.org","@graph":[{"@type":"WebPage","@id":"https:\/\/www.surfacex.com\/en\/commercial\/meat-processing-and-abattoir-flooring\/","url":"https:\/\/www.surfacex.com\/en\/commercial\/meat-processing-and-abattoir-flooring\/","name":"Meat Processing & Abattoir Flooring - Surfacex","isPartOf":{"@id":"https:\/\/www.surfacex.com\/#website"},"datePublished":"2022-11-23T19:14:40+00:00","dateModified":"2023-02-01T18:41:23+00:00","breadcrumb":{"@id":"https:\/\/www.surfacex.com\/en\/commercial\/meat-processing-and-abattoir-flooring\/#breadcrumb"},"inLanguage":"en-US","potentialAction":[{"@type":"ReadAction","target":["https:\/\/www.surfacex.com\/en\/commercial\/meat-processing-and-abattoir-flooring\/"]}]},{"@type":"BreadcrumbList","@id":"https:\/\/www.surfacex.com\/en\/commercial\/meat-processing-and-abattoir-flooring\/#breadcrumb","itemListElement":[{"@type":"ListItem","position":1,"name":"Accueil","item":"https:\/\/www.surfacex.com\/en\/"},{"@type":"ListItem","position":2,"name":"Commercial","item":"https:\/\/www.surfacex.com\/en\/commercial\/"},{"@type":"ListItem","position":3,"name":"Meat Processing &#038; Abattoir Flooring"}]},{"@type":"WebSite","@id":"https:\/\/www.surfacex.com\/#website","url":"https:\/\/www.surfacex.com\/","name":"Surfacex","description":"Rev\u00eatement pour b\u00e9ton","publisher":{"@id":"https:\/\/www.surfacex.com\/#organization"},"potentialAction":[{"@type":"SearchAction","target":{"@type":"EntryPoint","urlTemplate":"https:\/\/www.surfacex.com\/?s={search_term_string}"},"query-input":{"@type":"PropertyValueSpecification","valueRequired":true,"valueName":"search_term_string"}}],"inLanguage":"en-US"},{"@type":"Organization","@id":"https:\/\/www.surfacex.com\/#organization","name":"Surfacex","url":"https:\/\/www.surfacex.com\/","logo":{"@type":"ImageObject","inLanguage":"en-US","@id":"https:\/\/www.surfacex.com\/#\/schema\/logo\/image\/","url":"https:\/\/www.surfacex.com\/wp-content\/uploads\/2017\/05\/logo_footer_surfacex.png","contentUrl":"https:\/\/www.surfacex.com\/wp-content\/uploads\/2017\/05\/logo_footer_surfacex.png","width":178,"height":141,"caption":"Surfacex"},"image":{"@id":"https:\/\/www.surfacex.com\/#\/schema\/logo\/image\/"}}]}},"_links":{"self":[{"href":"https:\/\/www.surfacex.com\/en\/wp-json\/wp\/v2\/pages\/18032","targetHints":{"allow":["GET"]}}],"collection":[{"href":"https:\/\/www.surfacex.com\/en\/wp-json\/wp\/v2\/pages"}],"about":[{"href":"https:\/\/www.surfacex.com\/en\/wp-json\/wp\/v2\/types\/page"}],"author":[{"embeddable":true,"href":"https:\/\/www.surfacex.com\/en\/wp-json\/wp\/v2\/users\/1"}],"replies":[{"embeddable":true,"href":"https:\/\/www.surfacex.com\/en\/wp-json\/wp\/v2\/comments?post=18032"}],"version-history":[{"count":2,"href":"https:\/\/www.surfacex.com\/en\/wp-json\/wp\/v2\/pages\/18032\/revisions"}],"predecessor-version":[{"id":18034,"href":"https:\/\/www.surfacex.com\/en\/wp-json\/wp\/v2\/pages\/18032\/revisions\/18034"}],"up":[{"embeddable":true,"href":"https:\/\/www.surfacex.com\/en\/wp-json\/wp\/v2\/pages\/17565"}],"wp:attachment":[{"href":"https:\/\/www.surfacex.com\/en\/wp-json\/wp\/v2\/media?parent=18032"}],"wp:term":[{"taxonomy":"types_page","embeddable":true,"href":"https:\/\/www.surfacex.com\/en\/wp-json\/wp\/v2\/types_page?post=18032"}],"curies":[{"name":"wp","href":"https:\/\/api.w.org\/{rel}","templated":true}]}}