{"id":13655,"date":"2018-03-15T06:53:57","date_gmt":"2018-03-15T05:53:57","guid":{"rendered":"https:\/\/www.surfacex.com\/?page_id=13655"},"modified":"2021-10-19T20:48:17","modified_gmt":"2021-10-19T18:48:17","slug":"home","status":"publish","type":"page","link":"https:\/\/www.surfacex.com\/en\/","title":{"rendered":"Home"},"content":{"rendered":"<section class=\"wpb-content-wrapper\"><p>[vc_row content_width=&#8221;grid&#8221; content_aligment=&#8221;center&#8221; full_screen_section_height=&#8221;no&#8221; css=&#8221;.vc_custom_1497622742324{background-color: #efefef !important;}&#8221; el_id=&#8221;accueil_choix_revetement&#8221;][vc_column][vc_column_text]<\/p>\n<div class=\"hr_bleu\" style=\"text-align: center;\"><\/div>\n<h3 style=\"text-align: center;\">Choose your floor coating type<\/h3>\n<p style=\"text-align: center;\">Here are the various products that Surfacex uses to create<br \/>\na concrete floor covering that will be solid, durable and aesthetically pleasing.<\/p>\n<div class=\"row-flex\">\n                                                        <div class=\"vc_col-sm-6 vc_col-md-4 vc_col-lg-3 col-liens-revetements\">\n                    <a href=\"https:\/\/www.surfacex.com\/en\/floor-coating-type\/epoxy-membrane\/\">\n                        <div class=\"img_container\">\n                            <img decoding=\"async\" width=\"148\" height=\"150\" src=\"https:\/\/www.surfacex.com\/wp-content\/uploads\/2018\/02\/UNE_Epox-1.jpg\" class=\"attachment-256x150 size-256x150 wp-post-image\" alt=\"Epoxy floor in a warehouse\" srcset=\"https:\/\/www.surfacex.com\/wp-content\/uploads\/2018\/02\/UNE_Epox-1.jpg 736w, https:\/\/www.surfacex.com\/wp-content\/uploads\/2018\/02\/UNE_Epox-1-297x300.jpg 297w\" sizes=\"(max-width: 148px) 100vw, 148px\" \/>                        <\/div>\n                        <div class=\"txt_container\">\n                            <div class=\"txt\">\n                                Epoxy &#038; Membrane                            <\/div>\n                        <\/div>\n                    <\/a>\n                <\/div>\n\n                                            <div class=\"vc_col-sm-6 vc_col-md-4 vc_col-lg-3 col-liens-revetements\">\n                    <a href=\"https:\/\/www.surfacex.com\/en\/floor-coating-type\/methyl-methacrylate-mma\/\">\n                        <div class=\"img_container\">\n                            <img decoding=\"async\" width=\"148\" height=\"150\" src=\"https:\/\/www.surfacex.com\/wp-content\/uploads\/2018\/02\/UNE_Meth-1.jpg\" class=\"attachment-256x150 size-256x150 wp-post-image\" alt=\"\" srcset=\"https:\/\/www.surfacex.com\/wp-content\/uploads\/2018\/02\/UNE_Meth-1.jpg 736w, https:\/\/www.surfacex.com\/wp-content\/uploads\/2018\/02\/UNE_Meth-1-297x300.jpg 297w\" sizes=\"(max-width: 148px) 100vw, 148px\" \/>                        <\/div>\n                        <div class=\"txt_container\">\n                            <div class=\"txt\">\n                                Methyl Methacrylate (MMA)                            <\/div>\n                        <\/div>\n                    <\/a>\n                <\/div>\n\n                                            <div class=\"vc_col-sm-6 vc_col-md-4 vc_col-lg-3 col-liens-revetements\">\n                    <a href=\"https:\/\/www.surfacex.com\/en\/floor-coating-type\/polished-concrete\/\">\n                        <div class=\"img_container\">\n                            <img decoding=\"async\" width=\"148\" height=\"150\" src=\"https:\/\/www.surfacex.com\/wp-content\/uploads\/2018\/02\/UNE_Poli.jpg\" class=\"attachment-256x150 size-256x150 wp-post-image\" alt=\"\" srcset=\"https:\/\/www.surfacex.com\/wp-content\/uploads\/2018\/02\/UNE_Poli.jpg 736w, https:\/\/www.surfacex.com\/wp-content\/uploads\/2018\/02\/UNE_Poli-297x300.jpg 297w\" sizes=\"(max-width: 148px) 100vw, 148px\" \/>                        <\/div>\n                        <div class=\"txt_container\">\n                            <div class=\"txt\">\n                                Polished concrete                            <\/div>\n                        <\/div>\n                    <\/a>\n                <\/div>\n\n                                            <div class=\"vc_col-sm-6 vc_col-md-4 vc_col-lg-3 col-liens-revetements\">\n                    <a href=\"https:\/\/www.surfacex.com\/en\/floor-coating-type\/surface-preparation\/\">\n                        <div class=\"img_container\">\n                            <img decoding=\"async\" width=\"148\" height=\"150\" src=\"https:\/\/www.surfacex.com\/wp-content\/uploads\/2018\/02\/UNE_Prep.jpg\" class=\"attachment-256x150 size-256x150 wp-post-image\" alt=\"\" srcset=\"https:\/\/www.surfacex.com\/wp-content\/uploads\/2018\/02\/UNE_Prep.jpg 736w, https:\/\/www.surfacex.com\/wp-content\/uploads\/2018\/02\/UNE_Prep-297x300.jpg 297w\" sizes=\"(max-width: 148px) 100vw, 148px\" \/>                        <\/div>\n                        <div class=\"txt_container\">\n                            <div class=\"txt\">\n                                Surface preparation                            <\/div>\n                        <\/div>\n                    <\/a>\n                <\/div>\n\n                                <\/div>\n\n\t\n\t[\/vc_column_text][\/vc_column][\/vc_row][vc_row content_width=&#8221;grid&#8221; content_aligment=&#8221;center&#8221; full_screen_section_height=&#8221;no&#8221; css=&#8221;.vc_custom_1495143917566{padding-top: 0px !important;padding-bottom: 0px !important;}&#8221;][vc_column]<div class=\"qodef-carousel-holder clearfix\"><div class=\"qodef-carousel\" data-items=\"6\" data-navigation=\"no\" data-autoplay=\"3\"><div class=\"qodef-carousel-item-holder\">\r\n\t\t<a href=\"https:\/\/www.marie-claire.com\/\" target=\"_blank\">\r\n\t\t\t\t\t\t<span class=\"qodef-carousel-first-image-holder  qodef-image-zoom\">\r\n\t\t\t\t<img decoding=\"async\" src=\"https:\/\/www.surfacex.com\/wp-content\/uploads\/2017\/12\/1.jpg\" alt=\"Client 1 &#8211; EN\">\r\n\t\t\t<\/span>\r\n\t\t\t\t\t\t<\/a>\r\n\t<\/div><\/div><\/div>[\/vc_column][\/vc_row]<\/p>\n<\/section>","protected":false},"excerpt":{"rendered":"<p>[vc_row content_width=&#8221;grid&#8221; content_aligment=&#8221;center&#8221; full_screen_section_height=&#8221;no&#8221; css=&#8221;.vc_custom_1497622742324{background-color: #efefef !important;}&#8221; el_id=&#8221;accueil_choix_revetement&#8221;][vc_column][vc_column_text] Choose your floor coating type Here are&#8230;<\/p>\n","protected":false},"author":1,"featured_media":0,"parent":0,"menu_order":39,"comment_status":"closed","ping_status":"closed","template":"page-accueil.php","meta":{"_acf_changed":false,"footnotes":""},"types_page":[],"class_list":["post-13655","page","type-page","status-publish","hentry"],"acf":[],"yoast_head":"<!-- This site is optimized with the Yoast SEO plugin v27.5 - https:\/\/yoast.com\/product\/yoast-seo-wordpress\/ -->\n<title>Surfacex - Expert Epoxy Et Polyur\u00e9thane Pour Vos Planchers De B\u00e9ton<\/title>\n<meta name=\"description\" content=\"Depuis 2004, Surfacex traite et couvre des planchers de b\u00e9ton. Nos sp\u00e9cialit\u00e9s sont l&#039;\u00e9poxy, le polyur\u00e9thane et le b\u00e9ton poli. Gr\u00e2ce \u00e0 nos experts, nous avons satisfaits des centaines clients r\u00e9sidentiels, commerciaux et institutionnels. Cliquez et voyez pourquoi nous sommes la r\u00e9f\u00e9rence !\" \/>\n<meta name=\"robots\" content=\"index, follow, max-snippet:-1, max-image-preview:large, max-video-preview:-1\" \/>\n<link rel=\"canonical\" href=\"https:\/\/www.surfacex.com\/en\/\" \/>\n<meta property=\"og:locale\" content=\"en_US\" \/>\n<meta property=\"og:type\" content=\"article\" \/>\n<meta property=\"og:title\" content=\"Surfacex - Expert Epoxy Et Polyur\u00e9thane Pour Vos Planchers De B\u00e9ton\" \/>\n<meta property=\"og:description\" content=\"Depuis 2004, Surfacex traite et couvre des planchers de b\u00e9ton. Nos sp\u00e9cialit\u00e9s sont l&#039;\u00e9poxy, le polyur\u00e9thane et le b\u00e9ton poli. Gr\u00e2ce \u00e0 nos experts, nous avons satisfaits des centaines clients r\u00e9sidentiels, commerciaux et institutionnels. Cliquez et voyez pourquoi nous sommes la r\u00e9f\u00e9rence !\" \/>\n<meta property=\"og:url\" content=\"https:\/\/www.surfacex.com\/en\/\" \/>\n<meta property=\"og:site_name\" content=\"Surfacex\" \/>\n<meta property=\"article:modified_time\" content=\"2021-10-19T18:48:17+00:00\" \/>\n<meta name=\"twitter:card\" content=\"summary_large_image\" \/>\n<meta name=\"twitter:label1\" content=\"Est. reading time\" \/>\n\t<meta name=\"twitter:data1\" content=\"1 minute\" \/>\n<script type=\"application\/ld+json\" class=\"yoast-schema-graph\">{\"@context\":\"https:\\\/\\\/schema.org\",\"@graph\":[{\"@type\":\"WebPage\",\"@id\":\"https:\\\/\\\/www.surfacex.com\\\/en\\\/\",\"url\":\"https:\\\/\\\/www.surfacex.com\\\/en\\\/\",\"name\":\"Surfacex - Expert Epoxy Et Polyur\u00e9thane Pour Vos Planchers De B\u00e9ton\",\"isPartOf\":{\"@id\":\"https:\\\/\\\/www.surfacex.com\\\/#website\"},\"datePublished\":\"2018-03-15T05:53:57+00:00\",\"dateModified\":\"2021-10-19T18:48:17+00:00\",\"description\":\"Depuis 2004, Surfacex traite et couvre des planchers de b\u00e9ton. Nos sp\u00e9cialit\u00e9s sont l'\u00e9poxy, le polyur\u00e9thane et le b\u00e9ton poli. Gr\u00e2ce \u00e0 nos experts, nous avons satisfaits des centaines clients r\u00e9sidentiels, commerciaux et institutionnels. Cliquez et voyez pourquoi nous sommes la r\u00e9f\u00e9rence !\",\"breadcrumb\":{\"@id\":\"https:\\\/\\\/www.surfacex.com\\\/en\\\/#breadcrumb\"},\"inLanguage\":\"en-US\",\"potentialAction\":[{\"@type\":\"ReadAction\",\"target\":[\"https:\\\/\\\/www.surfacex.com\\\/en\\\/\"]}]},{\"@type\":\"BreadcrumbList\",\"@id\":\"https:\\\/\\\/www.surfacex.com\\\/en\\\/#breadcrumb\",\"itemListElement\":[{\"@type\":\"ListItem\",\"position\":1,\"name\":\"Accueil\",\"item\":\"https:\\\/\\\/www.surfacex.com\\\/en\\\/\"},{\"@type\":\"ListItem\",\"position\":2,\"name\":\"Home\"}]},{\"@type\":\"WebSite\",\"@id\":\"https:\\\/\\\/www.surfacex.com\\\/#website\",\"url\":\"https:\\\/\\\/www.surfacex.com\\\/\",\"name\":\"Surfacex\",\"description\":\"Rev\u00eatement pour b\u00e9ton\",\"publisher\":{\"@id\":\"https:\\\/\\\/www.surfacex.com\\\/#organization\"},\"potentialAction\":[{\"@type\":\"SearchAction\",\"target\":{\"@type\":\"EntryPoint\",\"urlTemplate\":\"https:\\\/\\\/www.surfacex.com\\\/?s={search_term_string}\"},\"query-input\":{\"@type\":\"PropertyValueSpecification\",\"valueRequired\":true,\"valueName\":\"search_term_string\"}}],\"inLanguage\":\"en-US\"},{\"@type\":\"Organization\",\"@id\":\"https:\\\/\\\/www.surfacex.com\\\/#organization\",\"name\":\"Surfacex\",\"url\":\"https:\\\/\\\/www.surfacex.com\\\/\",\"logo\":{\"@type\":\"ImageObject\",\"inLanguage\":\"en-US\",\"@id\":\"https:\\\/\\\/www.surfacex.com\\\/#\\\/schema\\\/logo\\\/image\\\/\",\"url\":\"https:\\\/\\\/www.surfacex.com\\\/wp-content\\\/uploads\\\/2017\\\/05\\\/logo_footer_surfacex.png\",\"contentUrl\":\"https:\\\/\\\/www.surfacex.com\\\/wp-content\\\/uploads\\\/2017\\\/05\\\/logo_footer_surfacex.png\",\"width\":178,\"height\":141,\"caption\":\"Surfacex\"},\"image\":{\"@id\":\"https:\\\/\\\/www.surfacex.com\\\/#\\\/schema\\\/logo\\\/image\\\/\"}}]}<\/script>\n<!-- \/ Yoast SEO plugin. -->","yoast_head_json":{"title":"Surfacex - Expert Epoxy Et Polyur\u00e9thane Pour Vos Planchers De B\u00e9ton","description":"Depuis 2004, Surfacex traite et couvre des planchers de b\u00e9ton. Nos sp\u00e9cialit\u00e9s sont l'\u00e9poxy, le polyur\u00e9thane et le b\u00e9ton poli. Gr\u00e2ce \u00e0 nos experts, nous avons satisfaits des centaines clients r\u00e9sidentiels, commerciaux et institutionnels. Cliquez et voyez pourquoi nous sommes la r\u00e9f\u00e9rence !","robots":{"index":"index","follow":"follow","max-snippet":"max-snippet:-1","max-image-preview":"max-image-preview:large","max-video-preview":"max-video-preview:-1"},"canonical":"https:\/\/www.surfacex.com\/en\/","og_locale":"en_US","og_type":"article","og_title":"Surfacex - Expert Epoxy Et Polyur\u00e9thane Pour Vos Planchers De B\u00e9ton","og_description":"Depuis 2004, Surfacex traite et couvre des planchers de b\u00e9ton. Nos sp\u00e9cialit\u00e9s sont l'\u00e9poxy, le polyur\u00e9thane et le b\u00e9ton poli. Gr\u00e2ce \u00e0 nos experts, nous avons satisfaits des centaines clients r\u00e9sidentiels, commerciaux et institutionnels. Cliquez et voyez pourquoi nous sommes la r\u00e9f\u00e9rence !","og_url":"https:\/\/www.surfacex.com\/en\/","og_site_name":"Surfacex","article_modified_time":"2021-10-19T18:48:17+00:00","twitter_card":"summary_large_image","twitter_misc":{"Est. reading time":"1 minute"},"schema":{"@context":"https:\/\/schema.org","@graph":[{"@type":"WebPage","@id":"https:\/\/www.surfacex.com\/en\/","url":"https:\/\/www.surfacex.com\/en\/","name":"Surfacex - Expert Epoxy Et Polyur\u00e9thane Pour Vos Planchers De B\u00e9ton","isPartOf":{"@id":"https:\/\/www.surfacex.com\/#website"},"datePublished":"2018-03-15T05:53:57+00:00","dateModified":"2021-10-19T18:48:17+00:00","description":"Depuis 2004, Surfacex traite et couvre des planchers de b\u00e9ton. Nos sp\u00e9cialit\u00e9s sont l'\u00e9poxy, le polyur\u00e9thane et le b\u00e9ton poli. Gr\u00e2ce \u00e0 nos experts, nous avons satisfaits des centaines clients r\u00e9sidentiels, commerciaux et institutionnels. Cliquez et voyez pourquoi nous sommes la r\u00e9f\u00e9rence !","breadcrumb":{"@id":"https:\/\/www.surfacex.com\/en\/#breadcrumb"},"inLanguage":"en-US","potentialAction":[{"@type":"ReadAction","target":["https:\/\/www.surfacex.com\/en\/"]}]},{"@type":"BreadcrumbList","@id":"https:\/\/www.surfacex.com\/en\/#breadcrumb","itemListElement":[{"@type":"ListItem","position":1,"name":"Accueil","item":"https:\/\/www.surfacex.com\/en\/"},{"@type":"ListItem","position":2,"name":"Home"}]},{"@type":"WebSite","@id":"https:\/\/www.surfacex.com\/#website","url":"https:\/\/www.surfacex.com\/","name":"Surfacex","description":"Rev\u00eatement pour b\u00e9ton","publisher":{"@id":"https:\/\/www.surfacex.com\/#organization"},"potentialAction":[{"@type":"SearchAction","target":{"@type":"EntryPoint","urlTemplate":"https:\/\/www.surfacex.com\/?s={search_term_string}"},"query-input":{"@type":"PropertyValueSpecification","valueRequired":true,"valueName":"search_term_string"}}],"inLanguage":"en-US"},{"@type":"Organization","@id":"https:\/\/www.surfacex.com\/#organization","name":"Surfacex","url":"https:\/\/www.surfacex.com\/","logo":{"@type":"ImageObject","inLanguage":"en-US","@id":"https:\/\/www.surfacex.com\/#\/schema\/logo\/image\/","url":"https:\/\/www.surfacex.com\/wp-content\/uploads\/2017\/05\/logo_footer_surfacex.png","contentUrl":"https:\/\/www.surfacex.com\/wp-content\/uploads\/2017\/05\/logo_footer_surfacex.png","width":178,"height":141,"caption":"Surfacex"},"image":{"@id":"https:\/\/www.surfacex.com\/#\/schema\/logo\/image\/"}}]}},"_links":{"self":[{"href":"https:\/\/www.surfacex.com\/en\/wp-json\/wp\/v2\/pages\/13655","targetHints":{"allow":["GET"]}}],"collection":[{"href":"https:\/\/www.surfacex.com\/en\/wp-json\/wp\/v2\/pages"}],"about":[{"href":"https:\/\/www.surfacex.com\/en\/wp-json\/wp\/v2\/types\/page"}],"author":[{"embeddable":true,"href":"https:\/\/www.surfacex.com\/en\/wp-json\/wp\/v2\/users\/1"}],"replies":[{"embeddable":true,"href":"https:\/\/www.surfacex.com\/en\/wp-json\/wp\/v2\/comments?post=13655"}],"version-history":[{"count":1,"href":"https:\/\/www.surfacex.com\/en\/wp-json\/wp\/v2\/pages\/13655\/revisions"}],"predecessor-version":[{"id":13656,"href":"https:\/\/www.surfacex.com\/en\/wp-json\/wp\/v2\/pages\/13655\/revisions\/13656"}],"wp:attachment":[{"href":"https:\/\/www.surfacex.com\/en\/wp-json\/wp\/v2\/media?parent=13655"}],"wp:term":[{"taxonomy":"types_page","embeddable":true,"href":"https:\/\/www.surfacex.com\/en\/wp-json\/wp\/v2\/types_page?post=13655"}],"curies":[{"name":"wp","href":"https:\/\/api.w.org\/{rel}","templated":true}]}}